{"id":114,"date":"2022-12-01T20:48:03","date_gmt":"2022-12-01T18:48:03","guid":{"rendered":"https:\/\/makler.w7.immo\/?page_id=114"},"modified":"2022-12-30T12:08:05","modified_gmt":"2022-12-30T10:08:05","slug":"impressum","status":"publish","type":"page","link":"https:\/\/www.immo-sofortkauf.at\/?page_id=114","title":{"rendered":"Impressum"},"content":{"rendered":"\n<p>Wolke 7 Immobilien ist eine Marke von:<\/p>\n\n\n\n<p>B\u00fcrocenter West VAL&amp;IDK Austria<br>Immobilienmakler<br>Amalienstra\u00dfe 36<br>1130 Hietzing | Wien&nbsp;<\/p>\n\n\n\n<ul>\n<li>Tel&nbsp; +43 1 876 22 22<\/li>\n\n\n\n<li>Web: www.w7.immo<\/li>\n\n\n\n<li>Mail: office@w7.immo<\/li>\n<\/ul>\n\n\n\n<p>Firmenbuchgericht: Handelsgericht Wien Beh\u00f6rde gem.<\/p>\n\n\n\n<p>ECG: Magistratisches Bezirksamt des III. Bezirkes Mitglied der Wirtschaftskammer Wien<\/p>\n\n\n\n<p>Dieser Onlineservice der Immobiliensoftware \u201eJUSTIMMO\u201c wird betrieben und herausgegeben von der B&amp;G Consulting &amp; Commerce GmbH, Wien.<\/p>\n\n\n\n<p><strong>Datenverarbeitung auf dieser Internetseite<\/strong><\/p>\n\n\n\n<p>www.w7.immo erhebt und speichert automatisch in ihren Server Log Files Informationen, die Ihr Browser an uns \u00fcbermittelt. Dies sind:<\/p>\n\n\n\n<ul>\n<li>* Browsertyp\/ -version<\/li>\n\n\n\n<li>* verwendetes Betriebssystem<\/li>\n\n\n\n<li>* Referrer URL (die zuvor besuchte Seite)<\/li>\n\n\n\n<li>* Hostname des zugreifenden Rechners (IP Adresse)<\/li>\n\n\n\n<li>* Uhrzeit der Serveranfrage.<\/li>\n<\/ul>\n\n\n\n<p>Diese Daten sind f\u00fcr&nbsp;<a href=\"http:\/\/www.w7.immo\/\"><u>www.w7.immo<\/u><\/a>&nbsp;nicht bestimmten Personen zuordenbar. Eine Zusammenf\u00fchrung dieser Daten mit anderen Datenquellen wird nicht vorgenommen.<\/p>\n\n\n\n<p><strong><u>Cookies<\/u><\/strong><\/p>\n\n\n\n<p>Die Internetseiten verwenden an mehreren Stellen so genannte Cookies. Sie dienen dazu, unser Angebot nutzerfreundlicher, effektiver und sicherer zu machen. Cookies sind kleine Textdateien, die auf Ihrem Rechner abgelegt werden und die Ihr Browser speichert. Die meisten der von uns verwendeten Cookies sind so genannte \u201eSession-Cookies\u201c. Sie werden nach Ende Ihres Besuchs automatisch gel\u00f6scht. Cookies richten auf Ihrem Rechner keinen Schaden an und enthalten keine Viren.<\/p>\n\n\n\n<p><strong><u>Newsletter<\/u><\/strong><\/p>\n\n\n\n<p>Wenn Sie den auf der Webseite angebotenen Newsletter empfangen m\u00f6chten, ben\u00f6tigen wir von Ihnen eine valide Email-Adresse sowie Informationen, die uns die \u00dcberpr\u00fcfung gestatten, dass Sie der Inhaber der angegebenen Email-Adresse sind bzw. deren Inhaber mit dem Empfang des Newsletters einverstanden ist. Weitere Daten werden nicht erhoben. Ihre Einwilligung zur Speicherung der Daten, der Email-Adresse sowie deren Nutzung zum Versand des Newsletters k\u00f6nnen Sie jederzeit widerrufen.<\/p>\n\n\n\n<p><strong><u>Links<\/u><\/strong><\/p>\n\n\n\n<p>Unsere Website enth\u00e4lt u.U. links zu anderen Websites, auf die wir keinen Einfluss haben. Wir k\u00f6nnen keine Verantwortung f\u00fcr den Datenschutz oder den Inhalt dieser Websites \u00fcbernehmen.<\/p>\n\n\n\n<p><strong><u>Haftungsausschluss<\/u><\/strong><\/p>\n\n\n\n<p>Die Angaben auf diesen Internetseiten dienen nur der allgemeinen Information und ersetzen keinesfalls eine eingehende spezielle und individuelle Beratung (das Informationsangebot ersetzt somit keine Beratung wie z.B.: Verkauf oder Finanzierung im Einzelfall).<\/p>\n\n\n\n<p>B\u00fcrocenter West VAL&amp;IDK Austria \u00fcbernimmt trotz aller Sorgfalt keine Haftung f\u00fcr die Aktualit\u00e4t, Richtigkeit und Vollst\u00e4ndigkeit der Informationen auf diesen Seiten oder den jederzeitigen st\u00f6rungsfreien Zugang.<\/p>\n\n\n\n<p>Bei Verweisen bzw. Links auf andere bzw. fremde Internetseiten \u00fcbernimmt B\u00fcrocenter West VAL&amp;IDK Austria trotz sorgf\u00e4ltiger inhaltlicher Kontrolle bei der Verlinkung keine Verantwortung und Haftung f\u00fcr die Inhalte der verlinkten Seiten. Dies gilt auch f\u00fcr die Webseiten, von denen auf die Webseite von B\u00fcrocenter West VAL&amp;IDK Austria verwiesen wird. Mit \u201eAnklicken\u201c des Links verlassen Sie das Informationsangebot. F\u00fcr den Inhalt der verlinkten Seiten sind ausschlie\u00dflich deren Betreiber verantwortlich.<\/p>\n\n\n\n<p>B\u00fcrocenter West VAL&amp;IDK Austria \u00fcbernimmt \u2013 soweit gesetzlich zul\u00e4ssig \u2013 keine Haftung f\u00fcr, mit den Inhalten dieser Homepage in Zusammenhang stehende Sch\u00e4den welcher Art auch immer.<\/p>\n\n\n\n<p>Der Inhalt dieser Homepage ist urheberrechtlich gesch\u00fctzt. Die Informationen sind nur f\u00fcr die pers\u00f6nliche Verwendung bestimmt. Jede weitergehende Nutzung insbesondere die Speicherung in Datenbanken, Vervielf\u00e4ltigung und jede Form von gewerblicher Nutzung sowie die Weitergabe an Dritte \u2013 auch in Teilen oder in \u00fcberarbeiteter Form \u2013 ohne Zustimmung ist untersagt.<\/p>\n\n\n\n<p><strong><u>Auskunftsrecht<\/u><\/strong><\/p>\n\n\n\n<p>Sie haben jederzeit das Recht auf Auskunft \u00fcber die bez\u00fcglich Ihrer Person gespeicherten Daten, deren Herkunft und Empf\u00e4nger sowie den Zweck der Speicherung. Auskunft \u00fcber die gespeicherten Daten erhalten Sie unter office@w7.immo<\/p>\n\n\n\n<p><strong><u>Weitere Informationen<\/u><\/strong><\/p>\n\n\n\n<p>Ihr Vertrauen ist uns wichtig. Daher m\u00f6chten wir Ihnen jederzeit Rede und Antwort bez\u00fcglich der Verarbeitung Ihrer personenbezogenen Daten stehen. Wenn Sie Fragen haben, die Ihnen diese Datenschutzerkl\u00e4rung nicht beantworten konnte oder wenn Sie zu einem Punkt vertiefte Informationen w\u00fcnschen, wenden Sie sich bitte jederzeit an office@w7.immo&nbsp;<\/p>\n\n\n\n<p><strong>Schlichtungsstelle<\/strong><\/p>\n\n\n\n<p>Online-Streitbeilegung gem\u00e4\u00df Art. 14 Abs. 1 ODR-VO: Die Europ\u00e4ische Kommission stellt eine Plattform zur Online-Streitbeilegung (OS) bereit, die Sie hier finden:&nbsp;<a href=\"http:\/\/ec.europa.eu\/consumers\/odr\">ec.europa.eu\/consumers\/odr<\/a><\/p>\n\n\n\n<ol>\n<li><strong><u>Inhalt des Onlineangebotes<\/u><\/strong><strong><u><br><\/u><\/strong>Der Autor \u00fcbernimmt keinerlei Gew\u00e4hr f\u00fcr die Aktualit\u00e4t, Korrektheit, Vollst\u00e4ndigkeit oder Qualit\u00e4t der bereitgestellten Informationen. Haftungsanspr\u00fcche gegen den Autor, welche sich auf Sch\u00e4den materieller oder ideeller Art beziehen, die durch die Nutzung oder Nichtnutzung der dargebotenen Informationen bzw. durch die Nutzung fehlerhafter und unvollst\u00e4ndiger Informationen verursacht wurden, sind grunds\u00e4tzlich ausgeschlossen, sofern seitens des Autors kein nachweislich vors\u00e4tzliches oder grob fahrl\u00e4ssiges Verschulden vorliegt.<br>Alle Angebote sind freibleibend und unverbindlich. Der Autor beh\u00e4lt es sich ausdr\u00fccklich vor, Teile der Seiten oder das gesamte Angebot ohne gesonderte Ank\u00fcndigung zu ver\u00e4ndern, zu erg\u00e4nzen, zu l\u00f6schen oder die Ver\u00f6ffentlichung zeitweise oder endg\u00fcltig einzustellen.<\/li>\n\n\n\n<li><strong><u>Verweise und Links<\/u><\/strong><strong><u><br><\/u><\/strong>Bei direkten oder indirekten Verweisen auf fremde Webseiten (\u201cHyperlinks\u201d), die au\u00dferhalb des Verantwortungsbereiches des Autors liegen, w\u00fcrde eine Haftungsverpflichtung ausschlie\u00dflich in dem Fall in Kraft treten, in dem der Autor von den Inhalten Kenntnis hat und es ihm technisch m\u00f6glich und zumutbar w\u00e4re, die Nutzung im Falle rechtswidriger Inhalte zu verhindern.<br>Der Autor erkl\u00e4rt hiermit ausdr\u00fccklich, dass zum Zeitpunkt der Linksetzung keine illegalen Inhalte auf den zu verlinkenden Seiten erkennbar waren. Auf die aktuelle und zuk\u00fcnftige Gestaltung, die Inhalte oder die Urheberschaft der verlinkten\/verkn\u00fcpften Seiten hat der Autor keinerlei Einfluss. Deshalb distanziert er sich hiermit ausdr\u00fccklich von allen Inhalten aller verlinkten \/verkn\u00fcpften Seiten, die nach der Linksetzung ver\u00e4ndert wurden. Diese Feststellung gilt f\u00fcr alle innerhalb des eigenen Internetangebotes gesetzten Links und Verweise sowie f\u00fcr Fremdeintr\u00e4ge in vom Autor eingerichteten G\u00e4steb\u00fcchern, Diskussionsforen, Linkverzeichnissen, Mailinglisten und in allen anderen Formen von Datenbanken, auf deren Inhalt externe Schreibzugriffe m\u00f6glich sind. F\u00fcr illegale, fehlerhafte oder unvollst\u00e4ndige Inhalte und insbesondere f\u00fcr Sch\u00e4den, die aus der Nutzung oder Nichtnutzung solcherart dargebotener Informationen entstehen, haftet allein der Anbieter der Seite, auf welche verwiesen wurde, nicht derjenige, der \u00fcber Links auf die jeweilige Ver\u00f6ffentlichung lediglich verweist.<\/li>\n\n\n\n<li><strong><u>Urheber- und Kennzeichenrecht<\/u><\/strong><strong><u><br><\/u><\/strong>Der Autor ist bestrebt, in allen Publikationen die Urheberrechte der verwendeten Bilder, Grafiken, Tondokumente, Videosequenzen und Texte zu beachten, von ihm selbst erstellte Bilder, Grafiken, Tondokumente, Videosequenzen und Texte zu nutzen oder auf lizenzfreie Grafiken, Tondokumente, Videosequenzen und Texte zur\u00fcckzugreifen.<br>Alle innerhalb des Internetangebotes genannten und ggf. durch Dritte gesch\u00fctzten Marken- und Warenzeichen unterliegen uneingeschr\u00e4nkt den Bestimmungen des jeweils g\u00fcltigen Kennzeichenrechts und den Besitzrechten der jeweiligen eingetragenen Eigent\u00fcmer. Allein aufgrund der blo\u00dfen Nennung ist nicht der Schluss zu ziehen, dass Markenzeichen nicht durch Rechte Dritter gesch\u00fctzt sind!<br>Das Copyright f\u00fcr ver\u00f6ffentlichte, vom Autor selbst erstellte Objekte bleibt allein beim Autor der Seiten. Eine Vervielf\u00e4ltigung oder Verwendung solcher Grafiken, Tondokumente, Videosequenzen und Texte in anderen elektronischen oder gedruckten Publikationen ist ohne ausdr\u00fcckliche Zustimmung des Autors nicht gestattet.<\/li>\n\n\n\n<li><strong><u>Google Analytics<\/u><\/strong><strong><u><br><\/u><\/strong>Diese Website benutzt Google Analytics, einen Webanalysedienst der Google Inc. (\u201eGoogle\u201c). Google Analytics verwendet sog. \u201eCookies\u201c, Textdateien, die auf Ihrem Computer gespeichert werden und die eine Analyse der Benutzung der Website durch Sie erm\u00f6glichen. Die durch den Cookie erzeugten Informationen \u00fcber Ihre Benutzung dieser Website (einschlie\u00dflich Ihrer IP-Adresse) wird an einen Server von Google in den USA \u00fcbertragen und dort gespeichert. Google wird diese Informationen benutzen, um Ihre Nutzung der Website auszuwerten, um Reports \u00fcber die Websiteaktivit\u00e4ten f\u00fcr die Websitebetreiber zusammenzustellen und um weitere mit der Websitenutzung und der Internetnutzung verbundene Dienstleistungen zu erbringen. Auch wird Google diese Informationen gegebenenfalls an Dritte \u00fcbertragen, sofern dies gesetzlich vorgeschrieben oder soweit Dritte diese Daten im Auftrag von Google verarbeiten. Google wird in keinem Fall Ihre IP-Adresse mit anderen Daten von Google in Verbindung bringen. Sie k\u00f6nnen die Installation der Cookies durch eine entsprechende Einstellung Ihrer Browser Software verhindern; wir weisen Sie jedoch darauf hin, dass Sie in diesem Fall gegebenenfalls nicht s\u00e4mtliche Funktionen dieser Website vollumf\u00e4nglich nutzen k\u00f6nnen. Durch die Nutzung dieser Website erkl\u00e4ren Sie sich mit der Bearbeitung der \u00fcber Sie erhobenen Daten durch Google in der zuvor beschriebenen Art und Weise und zu dem zuvor benannten Zweck einverstanden.<\/li>\n<\/ol>\n","protected":false},"excerpt":{"rendered":"<p>Wolke 7 Immobilien ist eine Marke von: B\u00fcrocenter West VAL&amp;IDK AustriaImmobilienmaklerAmalienstra\u00dfe 361130 Hietzing | Wien&nbsp; Firmenbuchgericht: Handelsgericht Wien Beh\u00f6rde gem. ECG: Magistratisches Bezirksamt des III. Bezirkes Mitglied der Wirtschaftskammer Wien Dieser Onlineservice der Immobiliensoftware \u201eJUSTIMMO\u201c wird betrieben und herausgegeben von der B&amp;G Consulting &amp; Commerce GmbH, Wien. Datenverarbeitung auf dieser Internetseite www.w7.immo erhebt und speichert [&hellip;]<\/p>\n","protected":false},"author":1,"featured_media":0,"parent":0,"menu_order":0,"comment_status":"closed","ping_status":"closed","template":"","meta":[],"yoast_head":"<!-- This site is optimized with the Yoast SEO plugin v19.14 - https:\/\/yoast.com\/wordpress\/plugins\/seo\/ -->\n<title>Impressum - Makler W7 Immobilien<\/title>\n<meta name=\"robots\" content=\"noindex, follow, max-snippet:-1, max-image-preview:large, max-video-preview:-1\" \/>\n<meta property=\"og:locale\" content=\"de_DE\" \/>\n<meta property=\"og:type\" content=\"article\" \/>\n<meta property=\"og:title\" content=\"Impressum - Makler W7 Immobilien\" \/>\n<meta property=\"og:description\" content=\"Wolke 7 Immobilien ist eine Marke von: B\u00fcrocenter West VAL&amp;IDK AustriaImmobilienmaklerAmalienstra\u00dfe 361130 Hietzing | Wien&nbsp; Firmenbuchgericht: Handelsgericht Wien Beh\u00f6rde gem. ECG: Magistratisches Bezirksamt des III. Bezirkes Mitglied der Wirtschaftskammer Wien Dieser Onlineservice der Immobiliensoftware \u201eJUSTIMMO\u201c wird betrieben und herausgegeben von der B&amp;G Consulting &amp; Commerce GmbH, Wien. Datenverarbeitung auf dieser Internetseite www.w7.immo erhebt und speichert [&hellip;]\" \/>\n<meta property=\"og:url\" content=\"https:\/\/www.immo-sofortkauf.at\/?page_id=114\" \/>\n<meta property=\"og:site_name\" content=\"Makler W7 Immobilien\" \/>\n<meta property=\"article:modified_time\" content=\"2022-12-30T10:08:05+00:00\" \/>\n<meta name=\"twitter:card\" content=\"summary_large_image\" \/>\n<script type=\"application\/ld+json\" class=\"yoast-schema-graph\">{\"@context\":\"https:\/\/schema.org\",\"@graph\":[{\"@type\":\"WebPage\",\"@id\":\"https:\/\/www.immo-sofortkauf.at\/?page_id=114\",\"url\":\"https:\/\/www.immo-sofortkauf.at\/?page_id=114\",\"name\":\"Impressum - Makler W7 Immobilien\",\"isPartOf\":{\"@id\":\"https:\/\/www.immo-sofortkauf.at\/#website\"},\"datePublished\":\"2022-12-01T18:48:03+00:00\",\"dateModified\":\"2022-12-30T10:08:05+00:00\",\"breadcrumb\":{\"@id\":\"https:\/\/www.immo-sofortkauf.at\/?page_id=114#breadcrumb\"},\"inLanguage\":\"de\",\"potentialAction\":[{\"@type\":\"ReadAction\",\"target\":[\"https:\/\/www.immo-sofortkauf.at\/?page_id=114\"]}]},{\"@type\":\"BreadcrumbList\",\"@id\":\"https:\/\/www.immo-sofortkauf.at\/?page_id=114#breadcrumb\",\"itemListElement\":[{\"@type\":\"ListItem\",\"position\":1,\"name\":\"Startseite\",\"item\":\"https:\/\/www.immo-sofortkauf.at\/\"},{\"@type\":\"ListItem\",\"position\":2,\"name\":\"Impressum\"}]},{\"@type\":\"WebSite\",\"@id\":\"https:\/\/www.immo-sofortkauf.at\/#website\",\"url\":\"https:\/\/www.immo-sofortkauf.at\/\",\"name\":\"Makler W7 Immobilien\",\"description\":\"Sie m\u00f6chten Ihre Immobilie verkaufen? Wir legen Ihnen innerhalb 48h ein Kaufangebot.\",\"potentialAction\":[{\"@type\":\"SearchAction\",\"target\":{\"@type\":\"EntryPoint\",\"urlTemplate\":\"https:\/\/www.immo-sofortkauf.at\/?s={search_term_string}\"},\"query-input\":\"required name=search_term_string\"}],\"inLanguage\":\"de\"}]}<\/script>\n<!-- \/ Yoast SEO plugin. -->","yoast_head_json":{"title":"Impressum - Makler W7 Immobilien","robots":{"index":"noindex","follow":"follow","max-snippet":"max-snippet:-1","max-image-preview":"max-image-preview:large","max-video-preview":"max-video-preview:-1"},"og_locale":"de_DE","og_type":"article","og_title":"Impressum - Makler W7 Immobilien","og_description":"Wolke 7 Immobilien ist eine Marke von: B\u00fcrocenter West VAL&amp;IDK AustriaImmobilienmaklerAmalienstra\u00dfe 361130 Hietzing | Wien&nbsp; Firmenbuchgericht: Handelsgericht Wien Beh\u00f6rde gem. ECG: Magistratisches Bezirksamt des III. Bezirkes Mitglied der Wirtschaftskammer Wien Dieser Onlineservice der Immobiliensoftware \u201eJUSTIMMO\u201c wird betrieben und herausgegeben von der B&amp;G Consulting &amp; Commerce GmbH, Wien. Datenverarbeitung auf dieser Internetseite www.w7.immo erhebt und speichert [&hellip;]","og_url":"https:\/\/www.immo-sofortkauf.at\/?page_id=114","og_site_name":"Makler W7 Immobilien","article_modified_time":"2022-12-30T10:08:05+00:00","twitter_card":"summary_large_image","schema":{"@context":"https:\/\/schema.org","@graph":[{"@type":"WebPage","@id":"https:\/\/www.immo-sofortkauf.at\/?page_id=114","url":"https:\/\/www.immo-sofortkauf.at\/?page_id=114","name":"Impressum - Makler W7 Immobilien","isPartOf":{"@id":"https:\/\/www.immo-sofortkauf.at\/#website"},"datePublished":"2022-12-01T18:48:03+00:00","dateModified":"2022-12-30T10:08:05+00:00","breadcrumb":{"@id":"https:\/\/www.immo-sofortkauf.at\/?page_id=114#breadcrumb"},"inLanguage":"de","potentialAction":[{"@type":"ReadAction","target":["https:\/\/www.immo-sofortkauf.at\/?page_id=114"]}]},{"@type":"BreadcrumbList","@id":"https:\/\/www.immo-sofortkauf.at\/?page_id=114#breadcrumb","itemListElement":[{"@type":"ListItem","position":1,"name":"Startseite","item":"https:\/\/www.immo-sofortkauf.at\/"},{"@type":"ListItem","position":2,"name":"Impressum"}]},{"@type":"WebSite","@id":"https:\/\/www.immo-sofortkauf.at\/#website","url":"https:\/\/www.immo-sofortkauf.at\/","name":"Makler W7 Immobilien","description":"Sie m\u00f6chten Ihre Immobilie verkaufen? Wir legen Ihnen innerhalb 48h ein Kaufangebot.","potentialAction":[{"@type":"SearchAction","target":{"@type":"EntryPoint","urlTemplate":"https:\/\/www.immo-sofortkauf.at\/?s={search_term_string}"},"query-input":"required name=search_term_string"}],"inLanguage":"de"}]}},"_links":{"self":[{"href":"https:\/\/www.immo-sofortkauf.at\/index.php?rest_route=\/wp\/v2\/pages\/114"}],"collection":[{"href":"https:\/\/www.immo-sofortkauf.at\/index.php?rest_route=\/wp\/v2\/pages"}],"about":[{"href":"https:\/\/www.immo-sofortkauf.at\/index.php?rest_route=\/wp\/v2\/types\/page"}],"author":[{"embeddable":true,"href":"https:\/\/www.immo-sofortkauf.at\/index.php?rest_route=\/wp\/v2\/users\/1"}],"replies":[{"embeddable":true,"href":"https:\/\/www.immo-sofortkauf.at\/index.php?rest_route=%2Fwp%2Fv2%2Fcomments&post=114"}],"version-history":[{"count":7,"href":"https:\/\/www.immo-sofortkauf.at\/index.php?rest_route=\/wp\/v2\/pages\/114\/revisions"}],"predecessor-version":[{"id":135,"href":"https:\/\/www.immo-sofortkauf.at\/index.php?rest_route=\/wp\/v2\/pages\/114\/revisions\/135"}],"wp:attachment":[{"href":"https:\/\/www.immo-sofortkauf.at\/index.php?rest_route=%2Fwp%2Fv2%2Fmedia&parent=114"}],"curies":[{"name":"wp","href":"https:\/\/api.w.org\/{rel}","templated":true}]}}